{"id":2712,"date":"2021-12-10T16:12:45","date_gmt":"2021-12-10T15:12:45","guid":{"rendered":"https:\/\/kampanj.bonniernewsbrandstudio.se\/disney\/?page_id=2712"},"modified":"2024-11-06T13:54:01","modified_gmt":"2024-11-06T12:54:01","slug":"personuppgiftspolicy","status":"publish","type":"page","link":"https:\/\/www.commercialnews.se\/disney\/personuppgiftspolicy\/","title":{"rendered":"Personuppgiftspolicy"},"content":{"rendered":"<p>[et_pb_section fb_built=&#8221;1&#8243; _builder_version=&#8221;4.16&#8243; _module_preset=&#8221;default&#8221; global_colors_info=&#8221;{}&#8221;][et_pb_row _builder_version=&#8221;4.16&#8243; _module_preset=&#8221;default&#8221; width_tablet=&#8221;&#8221; width_phone=&#8221;90%&#8221; width_last_edited=&#8221;on|desktop&#8221; max_width=&#8221;640px&#8221; max_width_tablet=&#8221;640px&#8221; max_width_phone=&#8221;640px&#8221; max_width_last_edited=&#8221;on|phone&#8221; global_colors_info=&#8221;{}&#8221;][et_pb_column type=&#8221;4_4&#8243; _builder_version=&#8221;4.16&#8243; _module_preset=&#8221;default&#8221; global_colors_info=&#8221;{}&#8221;][et_pb_text _builder_version=&#8221;4.16&#8243; _module_preset=&#8221;default&#8221; text_font=&#8221;Georgia||||||||&#8221; text_font_size=&#8221;18px&#8221; header_font=&#8221;Arial|700|||||||&#8221; header_font_size=&#8221;50px&#8221; custom_margin=&#8221;||30px|||&#8221; header_font_size_tablet=&#8221;50px&#8221; header_font_size_phone=&#8221;32px&#8221; header_font_size_last_edited=&#8221;on|phone&#8221; global_colors_info=&#8221;{}&#8221;]<\/p>\n<h1>Personuppgiftspolicy &#8211; T\u00e4vling<\/h1>\n<p>[\/et_pb_text][et_pb_text module_class=&#8221;cookie&#8221; _builder_version=&#8221;4.27.2&#8243; _module_preset=&#8221;default&#8221; text_font=&#8221;||||||||&#8221; text_font_size=&#8221;18px&#8221; header_2_font=&#8221;Arial|600|||||||&#8221; header_2_font_size=&#8221;32px&#8221; header_2_line_height=&#8221;1.1em&#8221; header_3_font=&#8221;Arial|600|||||||&#8221; header_3_line_height=&#8221;1.1em&#8221; hover_enabled=&#8221;0&#8243; header_2_font_size_tablet=&#8221;32px&#8221; header_2_font_size_phone=&#8221;28px&#8221; header_2_font_size_last_edited=&#8221;on|phone&#8221; header_3_font_size_tablet=&#8221;&#8221; header_3_font_size_phone=&#8221;&#8221; header_3_font_size_last_edited=&#8221;on|phone&#8221; global_colors_info=&#8221;{}&#8221; text_text_color=&#8221;#141414&#8243; sticky_enabled=&#8221;0&#8243;]<\/p>\n<h2>Introduktion och sammanfattning<\/h2>\n<h3>Till vem riktar sig denna personuppgiftspolicy?<\/h3>\n<p>Denna t\u00e4vling (\u201c<strong>T\u00e4vlingen<\/strong>\u201d) arrangeras av Brand Studio (som \u00e4r en del av Bonnier News AB) i samarbete med aktuell samarbetspartner p\u00e5 sajten (\u201c<strong>T\u00e4vlingssidan<\/strong>\u201d). Bonnier News AB \u00e4r ensamt personuppgiftsansvarig f\u00f6r behandlingen av dina personuppgifter med anledning av ditt bes\u00f6k p\u00e5 T\u00e4vlingssidan och ditt eventuella deltagande i T\u00e4vlingen och delar inte dina personuppgifter med aktuell samarbetspartner.<\/p>\n<p>I denna personuppgiftspolicy har vi samlat specifik information om hur Bonnier News behandlar dina personuppgifter i din egenskap av bes\u00f6kare eller t\u00e4vlande p\u00e5 T\u00e4vlingssidan.<\/p>\n<p>Bonnier News AB tillhandah\u00e5ller \u00e4ven flera dagstidningar, magasin och lokaltidningar. Information om personuppgiftsbehandling inom den verksamheten hittar du <span style=\"text-decoration: underline;\"><a href=\"https:\/\/privacy.bonniernews.se\/\" target=\"_blank\" rel=\"noopener\">h\u00e4r<\/a><\/span>.<\/p>\n<h3>Kort om dina r\u00e4ttigheter och kontakt<\/h3>\n<p>Du har flera r\u00e4ttigheter under GDPR. Du har bland annat r\u00e4tt att f\u00e5 en kopia p\u00e5 dina personuppgifter och, under vissa f\u00f6ruts\u00e4ttningar, att f\u00e5 dina uppgifter raderade.<\/p>\n<p>Du kan beg\u00e4ra radering eller registerutdrag genom att kontakta oss p\u00e5 tavling.brandstudio@bonniernews.se.<\/p>\n<p>Kontaktinformation till oss, v\u00e5rt dataskyddsteam och dataskyddsombud hittar du under Kontakta oss.<\/p>\n<h2>Personuppgifter som vi samlar in<\/h2>\n<p>Nedan har vi sammanfattat vilken typ av personuppgifter som vi behandlar med anledning av ditt bes\u00f6k p\u00e5 T\u00e4vlingssidan, ditt eventuella deltagande i T\u00e4vlingen och eventuell \u00f6vrig kontakt du har med oss.<\/p>\n<ul>\n<li><strong>Namn och e-postadress.<\/strong> Vi behandlar t\u00e4vlandes f\u00f6r- och efternamn samt e-postadress. Dessa uppgifter \u00e4r obligatoriska att l\u00e4mna till oss f\u00f6r att kunna delta i T\u00e4vlingen.<\/li>\n<li><strong>Enhets- och anv\u00e4ndningsdata.<\/strong> Vi samlar in data om din enhet, t.ex. information om du surfar p\u00e5 en mobil eller dator och vilken browser du anv\u00e4nder samt vilka programvarukonfigurationer som du anv\u00e4nder . Vi samlar \u00e4ven in data om hur du anv\u00e4nder T\u00e4vlingssidan, t.ex. hur l\u00e4nge ditt bes\u00f6k varar, om du svarar p\u00e5 t\u00e4vlingsfr\u00e5gorna och v\u00e4ljer att delta i T\u00e4vlingen. Detta kan \u00e4ven innefatta information om IP-adress och spr\u00e5kinst\u00e4llningar (t.ex. spr\u00e5kinst\u00e4llningar).<\/li>\n<li><strong>\u00d6vrigt.<\/strong> Vi samlar ocks\u00e5 in information som du skriver i meddelanden som du skickar till oss, s\u00e5som feedback, fr\u00e5gor och information som du l\u00e4mnar i kundtj\u00e4nst\u00e4renden. N\u00e4r du kontaktar oss, t.ex. f\u00f6r kundsupport genom telefonsamtal eller chattsessioner med v\u00e5ra representanter kan samtalen komma att spelas in och sparas under en viss tid.<\/li>\n<\/ul>\n<h3>Hur samlar vi in personuppgifterna?<\/h3>\n<ul>\n<li><strong>Uppgifter som du l\u00e4mnar f\u00f6r att delta i T\u00e4vlingen.<\/strong> Uppgifter s\u00e5som ditt namn och e-postadress samt eventuella meddelanden till kundtj\u00e4nst samlar vi in direkt fr\u00e5n dig.<\/li>\n<li><strong>Bes\u00f6k av T\u00e4vlingssidan.<\/strong> Enhets- och anv\u00e4ndardata (t.ex. information om du surfar p\u00e5 mobil eller dator samt hur du anv\u00e4nder T\u00e4vlingssidan) samlas in via v\u00e5ra analysverktyg som anv\u00e4nder cookies p\u00e5 T\u00e4vlingssidan samt direkt fr\u00e5n din enhet s\u00e5som ip-adress.<\/li>\n<\/ul>\n<h2>Hur vi anv\u00e4nder personuppgifter<\/h2>\n<p>I detta avsnitt beskriver vi varf\u00f6r vi behandlar personuppgifter och vilken laglig grund vi st\u00f6djer v\u00e5r behandling p\u00e5. Vi st\u00f6djer oss framf\u00f6rallt p\u00e5 grunden att v\u00e5r behandling \u00e4r n\u00f6dv\u00e4ndig f\u00f6r \u00e4ndam\u00e5l som r\u00f6r v\u00e5rt eller en tredje parts ber\u00e4ttigade intresse (&#8221;<strong>Ber\u00e4ttigat intresse<\/strong>&#8221;). I vissa fall baseras behandlingen p\u00e5 ditt samtycke (\u201d<strong>Samtycke<\/strong>\u201d) eller att behandlingen \u00e4r n\u00f6dv\u00e4ndig f\u00f6r att uppfylla en r\u00e4ttslig f\u00f6rpliktelse (\u201d<strong>R\u00e4ttslig f\u00f6rpliktelse<\/strong>\u201d).<\/p>\n<p>Vi har gjort v\u00e5r bed\u00f6mning av \u201dBer\u00e4ttigat intresse\u201d utifr\u00e5n att v\u00e5r behandling f\u00f6r s\u00e5dana \u00e4ndam\u00e5l \u00e4r n\u00f6dv\u00e4ndig f\u00f6r att kunna m\u00f6ta bes\u00f6kares och t\u00e4vlingsdeltagares \u00f6nskem\u00e5l, utv\u00e4rdera, utveckla och f\u00f6rb\u00e4ttra inneh\u00e5llet och utformningen av tj\u00e4nsterna. Slutligen har vi ett ber\u00e4ttigat intresse av att kunna skydda v\u00e5r verksamhet.<\/p>\n<ul>\n<li><strong>Administrera ditt deltagande i T\u00e4vlingen och tillhandah\u00e5lla support.<\/strong> Vi anv\u00e4nder uppgifter f\u00f6r att administrera ditt deltagande i T\u00e4vlingen och f\u00f6r att tillgodose ditt intresse att ta emot kundsupport. <span style=\"text-decoration: underline;\">Laglig grund:<\/span> Ber\u00e4ttigat intresse.<\/li>\n<li><strong>Analys och produktf\u00f6rb\u00e4ttring\/utveckling.<\/strong> Vi anv\u00e4nder personuppgifter f\u00f6r att analysera och f\u00f6rb\u00e4ttra v\u00e5ra befintliga tj\u00e4nster och produkter, bland annat genom att uppdatera funktioner och f\u00e5 en \u00f6kad f\u00f6rst\u00e5else f\u00f6r hur vi kan g\u00f6ra anv\u00e4ndarupplevelsen smidigare f\u00f6r dig. Vi anv\u00e4nder till exempel felrapporter f\u00f6r att f\u00f6rb\u00e4ttra s\u00e4kerhetsfunktioner, anv\u00e4ndarbeteende och klick p\u00e5 v\u00e5ra webbsidor f\u00f6r att avg\u00f6ra vilka nya funktioner som ska prioriteras, vilket inneh\u00e5ll som ska publiceras p\u00e5 webbsidan och placering av inneh\u00e5ll. Vi anv\u00e4nder \u00e4ven olika analysverktyg s\u00e5som Google Analytics f\u00f6r att samla in data om hur v\u00e5ra webbsidor anv\u00e4nds och g\u00f6ra analyser utifr\u00e5n dessa uppgifter. Webbanalys kan \u00e4ven ge insikt i bes\u00f6ksfrekvens och vilket inneh\u00e5ll som bes\u00f6ks under l\u00e4ngst tid. Denna analys kan bland annat ligga till grund f\u00f6r produktf\u00f6rb\u00e4ttringar och rapportering av anonym statistik till den samarbetspartner som Bonnier News arrangerar T\u00e4vlingen med. <span style=\"text-decoration: underline;\">Laglig grund:<\/span> Ber\u00e4ttigat intresse.<\/li>\n<li><strong>F\u00f6r att b\u00e4ttre f\u00f6rst\u00e5 v\u00e5r aff\u00e4rsverksamhet (s\u00e5 kallad \u201dBusiness Intelligence\u201d).<\/strong> Vi behandlar personuppgifter f\u00f6r att ta fram statistik och analyser avseende v\u00e5r aff\u00e4rsverksamhet. Denna information anv\u00e4nder vi f\u00f6r att kunna fatta v\u00e4lgrundade aff\u00e4rsbeslut och planera strategier fram\u00e5t f\u00f6r verksamheten. Vi anv\u00e4nder anonymiserad data s\u00e5 l\u00e5ngt det \u00e4r m\u00f6jligt f\u00f6r detta \u00e4ndam\u00e5l. <span style=\"text-decoration: underline;\">Laglig grund:<\/span> Ber\u00e4ttigat intresse.<\/li>\n<li><strong>S\u00e4kerhet och regelefterlevnad.<\/strong> Vi anv\u00e4nder uppgifter f\u00f6r att skydda v\u00e5ra produkters, tj\u00e4nsters och kunders s\u00e4kerhet, f\u00f6r att l\u00f6sa tvister och verkst\u00e4lla v\u00e5ra avtal. <span style=\"text-decoration: underline;\">Laglig grund:<\/span> R\u00e4ttslig f\u00f6rpliktelse eller Ber\u00e4ttigat intresse.<\/li>\n<li><strong>Kommunikation.<\/strong> Vi kan komma att kontakta dig per e-post f\u00f6r att ge dig information som \u00e4r relevant f\u00f6r dig och ditt deltagande i T\u00e4vlingen. Vi kan t.ex. \u00e5terkoppla till dig i ett kundtj\u00e4nst\u00e4rende. <span style=\"text-decoration: underline;\">Laglig grund:<\/span> Ber\u00e4ttigat intresse.<\/li>\n<li><strong>Samtalsinspelning.<\/strong> Om du kontaktar oss per telefon, t.ex. f\u00f6r kundsupport, kan samtalet komma att spelas in f\u00f6r din och v\u00e5r s\u00e4kerhet och\/eller i kvalitet- och utbildningssyfte. <span style=\"text-decoration: underline;\">Laglig grund:<\/span> Ber\u00e4ttigat intresse.<\/li>\n<\/ul>\n<p>Om vi planerar att anv\u00e4nda personuppgifter f\u00f6r ett nytt syfte kommer vi att informera dig innan eller i samband med att personuppgifterna samlas in. Om det kr\u00e4vs s\u00e5 kommer vi att be om ditt samtycke.<\/p>\n<h2>Cookies och lokal lagring av data<\/h2>\n<p>Cookies och liknande sp\u00e5rningstekniker anv\u00e4nds bland annat f\u00f6r att vi ska kunna f\u00f6rb\u00e4ttra funktionaliteten p\u00e5 T\u00e4vlingssidan, f\u00f6r att analysera T\u00e4vlingssidans exponsering t.ex. genom att m\u00e4ta hur m\u00e5nga som bes\u00f6kt T\u00e4vlingssidan och hur l\u00e4nge samt f\u00f6r att vi ska kunna s\u00e4kerst\u00e4lla att tj\u00e4nsterna fungerar som de ska. Vi anv\u00e4nder b\u00e5de f\u00f6rstapartscookies och tredjepartscookies (t.ex. f\u00f6r analys).<br \/>Mer information om vilka cookies vi anv\u00e4nder p\u00e5 T\u00e4vlingssidan och hur du kan hantera dina cookie-inst\u00e4llningar hittar du i v\u00e5r <a href=\"https:\/\/privacy.bonniernews.se\/cookiepolicy\" target=\"_blank\" rel=\"noopener\"><span style=\"text-decoration: underline;\">Cookie Policy<\/span><\/a>.<\/p>\n<h2>Hur vi delar dina personuppgifter<\/h2>\n<p>Det kan ibland vara n\u00f6dv\u00e4ndigt f\u00f6r oss att dela dina personuppgifter, t.ex. med andra f\u00f6retag som utf\u00f6r tj\u00e4nster f\u00f6r v\u00e5r r\u00e4kning eller som vi samarbetar med.<\/p>\n<h3>Leverant\u00f6rer som \u00e4r personuppgiftsbitr\u00e4den<\/h3>\n<p>Vi anlitar olika leverant\u00f6rer som utf\u00f6r tj\u00e4nster f\u00f6r v\u00e5r r\u00e4kning, t.ex. kundservicesupport, och trafikm\u00e4tning samt skydd och support f\u00f6r v\u00e5ra system och tj\u00e4nster. Dessa leverant\u00f6rer kan beh\u00f6va behandla eller f\u00e5 tillg\u00e5ng till personuppgifter f\u00f6r att kunna utf\u00f6ra sina tj\u00e4nster. V\u00e5ra leverant\u00f6rer \u00e4r bundna av s\u00e5 kallade personuppgiftsbitr\u00e4desavtal och har inte r\u00e4tt att anv\u00e4nda personuppgifter f\u00f6r egna \u00e4ndam\u00e5l.<\/p>\n<h3>\u00d6vrigt<\/h3>\n<p>Vi kan komma att l\u00e4mna ut personuppgifter som en del av en gemensam aff\u00e4r, exempelvis en sammanslagning eller f\u00f6rs\u00e4ljning av tillg\u00e5ngar. Slutligen kan vi komma att beh\u00f6va l\u00e4mna ut eller spara dina uppgifter n\u00e4r vi anser att det \u00e4r n\u00f6dv\u00e4ndigt f\u00f6r att:<\/p>\n<ul>\n<li>F\u00f6lja lagen eller r\u00e4ttslig process och ge ut information till polis och andra beh\u00f6riga myndigheter.<\/li>\n<li>Hantera och uppr\u00e4tth\u00e5lla s\u00e4kerheten f\u00f6r v\u00e5ra produkter, d\u00e4ribland att f\u00f6rhindra eller stoppa en attack p\u00e5 v\u00e5ra system eller n\u00e4tverk.<\/li>\n<li>Skydda r\u00e4ttigheter eller egendom som tillh\u00f6r oss, inklusive verkst\u00e4lla de ev. villkor som styr din anv\u00e4ndning av T\u00e4vlingssidan. Om det \u00e4r n\u00f6dv\u00e4ndigt \u00f6verl\u00e5ter vi \u00e4rendet till polismyndigheten f\u00f6r fortsatt handl\u00e4ggning.<\/li>\n<\/ul>\n<p>Observera att T\u00e4vlingssidan kan inneh\u00e5lla l\u00e4nkar till externa f\u00f6retag, till exempel f\u00f6r erbjudanden av produkter och tj\u00e4nster, vars personuppgiftspolicys skiljer sig fr\u00e5n v\u00e5r. Om du l\u00e4mnar personuppgifter i n\u00e5gon av dessa produkter behandlas dina uppgifter enligt deras respektive personuppgiftspolicy, ta g\u00e4rna del av den innan du l\u00e4mnar n\u00e5gra uppgifter till det externa f\u00f6retaget. Vi ansvarar inte f\u00f6r anv\u00e4ndning av dina personuppgifter som dessa externa f\u00f6retag utf\u00f6r.<\/p>\n<h2>Hur du kommer \u00e5t och kontrollerar dina personuppgifter<\/h2>\n<ul>\n<li><strong>Kontakta oss.<\/strong> Du kan beg\u00e4ra radering eller registerutdrag genom att kontakta oss p\u00e5 tavling.brandstudio@bonniernews.se.<\/li>\n<li><strong>Cookies.<\/strong> Information om hur du kan hantera cookies och liknande tekniker finns i v\u00e5r <a href=\"https:\/\/privacy.bonniernews.se\/cookiepolicy\" target=\"_blank\" rel=\"noopener\"><span style=\"text-decoration: underline;\">Cookie Policy<\/span><\/a>.<\/li>\n<\/ul>\n<h2>Dina r\u00e4ttigheter<\/h2>\n<p>Du har f\u00f6ljande r\u00e4ttigheter.<\/p>\n<ul>\n<li><strong>Inv\u00e4ndning.<\/strong> Du har r\u00e4tt att i vissa fall inv\u00e4nda mot annan behandling av dina personuppgifter. Vi m\u00e5ste d\u00e5 upph\u00f6ra med behandlingen om vi inte kan visa tvingande ber\u00e4ttigade sk\u00e4l som \u00f6verv\u00e4ger ditt intresse av att inte f\u00e5 personuppgifterna behandlade.<\/li>\n<li><strong>Registerutdrag, r\u00e4ttelse och radering.<\/strong> Du har r\u00e4tt att kostnadsfritt beg\u00e4ra en kopia av dina personuppgifter (s k registerutdrag), beg\u00e4ra r\u00e4ttelse av felaktiga uppgifter och, under vissa omst\u00e4ndigheter, beg\u00e4ra att dina personuppgifter raderas.<\/li>\n<li><strong>Samtycke.<\/strong> Om behandling av personuppgifter baseras p\u00e5 ditt samtycke, har du r\u00e4tt att n\u00e4r som helst \u00e5terkalla samtycket f\u00f6r framtida behandling av dina personuppgifter.<\/li>\n<li><strong>Begr\u00e4nsning.<\/strong> Du har r\u00e4tt att kr\u00e4va att vi begr\u00e4nsar behandlingen av dina personuppgifter under vissa omst\u00e4ndigheter, t.ex. under tiden det \u00e5ligger oss att utreda eventuella inv\u00e4ndningar fr\u00e5n dig.<\/li>\n<li><strong>Dataportabilitet.<\/strong> Du har i vissa fall en r\u00e4tt till dataportabilitet, dvs att f\u00e5 ut personuppgifter som tillhandah\u00e5llits fr\u00e5n dig, i ett strukturerat, allm\u00e4nt anv\u00e4nt och maskinl\u00e4sbart format samt att kunna \u00f6verf\u00f6ra dessa till annan personuppgiftsansvarig. Detta g\u00e4ller endast vi behandlar personuppgifterna med ditt samtycke eller f\u00f6r att det \u00e4r n\u00f6dv\u00e4ndigt f\u00f6r att uppfylla ett avtal med dig.<\/li>\n<li><strong>Integritetsskyddsmyndigheten (IMY).<\/strong> Du har r\u00e4tt att framf\u00f6ra klagom\u00e5l hos IMY, som a\u0308r den myndighet i Sverige som ut\u00f6var tillsyn \u00f6ver hur vi som f\u00f6retag f\u00f6ljer lagstiftningen. IMY:s webbsida hittar du h\u00e4r: <span style=\"text-decoration: underline;\"><a href=\"https:\/\/www.imy.se\/\" target=\"_blank\" rel=\"noopener\">https:\/\/www.imy.se\/<\/a><\/span>.<\/li>\n<\/ul>\n<p>Ut\u00f6vandet av dina r\u00e4ttigheter \u00e4r kostnadsfritt. Vi besvarar i regel din beg\u00e4ran om registerutdrag och radering av dina personuppgifter inom 30 dagar. De \u00e5tg\u00e4rder som du beg\u00e4rt utf\u00f6rs inom rimlig tid som beroende p\u00e5 omst\u00e4ndigheterna kan vara upp till 3 m\u00e5nader. Vi f\u00f6rbeh\u00e5ller oss r\u00e4tten att vid orimlig eller uppenbart ogrundad inv\u00e4ndning eller beg\u00e4ran ta ut en rimlig avgift f\u00f6r \u00e5tg\u00e4rden.<\/p>\n<h2>S\u00e4kerhet f\u00f6r dina personuppgifter<\/h2>\n<p>Vi anv\u00e4nder en rad s\u00e4kerhetstekniker och s\u00e4kerhetsmetoder f\u00f6r att skydda dina personuppgifter fr\u00e5n o\u00f6nskad \u00e5tkomst, anv\u00e4ndning och utl\u00e4mnande. Till exempel lagras personuppgifter som du anger p\u00e5 datorsystem som har begr\u00e4nsad \u00e5tkomst och finns i skyddade lokaler. Vi anv\u00e4nder huvudsakligen anonym data eller pseudonymiserad data vid analys av kundinsikt, produktutveckling, statistik och liknande syften. Pseudonymiserad data \u00e4r data som inte kan h\u00e4nf\u00f6ras till en viss individ person utan att kompletterande uppgifter anv\u00e4nds.<\/p>\n<h2>Var vi sparar och behandlar personuppgifter<\/h2>\n<p>Vi behandlar personuppgifter inom EU\/EES i f\u00f6rsta hand, men i vissa fall anv\u00e4nder vi leverant\u00f6rer som behandlar personuppgifter i USA och andra l\u00e4nder utanf\u00f6r EU\/EES, t.ex. f\u00f6r utveckling och underh\u00e5ll av v\u00e5ra system och f\u00f6r webbanalys. L\u00e4nder utanf\u00f6r EU\/EES tillerk\u00e4nner inte alltid motsvarande skydd f\u00f6r personuppgifter som l\u00e4nder inom EU\/EES. Det kr\u00e4vs d\u00e4rf\u00f6r att s\u00e4rskilda skydds\u00e5tg\u00e4rder vidtas n\u00e4r personuppgifter behandlas utanf\u00f6r EU\/EES. I de fall vi anv\u00e4nder leverant\u00f6rer som behandlar personuppgifter utanf\u00f6r EU\/EES sker det under f\u00f6ruts\u00e4ttning av vi har st\u00f6d enligt lag, t.ex. genom att vi med mottagaren av uppgifterna har ing\u00e5tt standardiserade avtalsklausuler som godk\u00e4nts av EU-kommissionen.<\/p>\n<p>Det finns tre olika upps\u00e4ttningar av standardavtalsklausuler. Du hittar samtliga p\u00e5 den Europeiska kommissionens webbsida: <span style=\"text-decoration: underline;\"><a href=\"https:\/\/ec.europa.eu\/info\/law\/law-topic\/data-protection\/international-dimension-data-protection\/standard-contractual-clauses-scc_en\" target=\"_blank\" rel=\"noopener\">https:\/\/ec.europa.eu\/info\/law\/law-topic\/data-protection\/international-dimension-data-protection\/standard-contractual-clauses-scc_en<\/a><\/span><\/p>\n<p>Vi vill s\u00e4rskilt informera dig om att vi anv\u00e4nder analysverktyget Google Analytics (se mer om \u00e4ndam\u00e5len under \u201cHur vi anv\u00e4nder personuppgifter\u201d och i v\u00e5r <a href=\"https:\/\/privacy.bonniernews.se\/cookiepolicy\" target=\"_blank\" rel=\"noopener\"><span style=\"text-decoration: underline;\">Cookie policy<\/span><\/a>. Google Analytics lagrar data f\u00f6r v\u00e5r r\u00e4kning i flera l\u00e4nder, bland annat USA. Mer information om Googles datacenter och var de finns hittar du h\u00e4r: <a href=\"https:\/\/www.google.com\/about\/datacenters\/locations\/\" target=\"_blank\" rel=\"noopener\"><span style=\"text-decoration: underline;\">https:\/\/www.google.com\/about\/datacenters\/locations\/<\/span><\/a>. Google anv\u00e4nder i sin tur olika underbitr\u00e4den som behandlar data i olika l\u00e4nder. Mer information om dessa underbitr\u00e4den och var de finns hittar du h\u00e4r: <a href=\"https:\/\/privacy.google.com\/businesses\/subprocessors\/\" target=\"_blank\" rel=\"noopener\"><span style=\"text-decoration: underline;\">https:\/\/privacy.google.com\/businesses\/subprocessors\/<\/span><\/a><\/p>\n<p>De standardavtalsklausuler som till\u00e4mpas n\u00e4r vi anv\u00e4nder Googles tj\u00e4nster hittar du h\u00e4r: <a href=\"https:\/\/privacy.google.com\/businesses\/processorterms\/mccs\/\" target=\"_blank\" rel=\"noopener\"><span style=\"text-decoration: underline;\">https:\/\/privacy.google.com\/businesses\/processorterms\/mccs\/<\/span><\/a><\/p>\n<h2>Hur l\u00e4nge vi sparar dina personuppgifter<\/h2>\n<p>Vi sparar personuppgifter s\u00e5 l\u00e4nge det \u00e4r n\u00f6dv\u00e4ndigt f\u00f6r de \u00e4ndam\u00e5l som beskrivs i denna policy, t.ex. f\u00f6r att vi ska kunna administrera T\u00e4vlingen, f\u00f6r att underh\u00e5lla och f\u00f6rb\u00e4ttra befintliga tj\u00e4nster samt kommunicera med dig.<\/p>\n<p><strong>Uppgifter f\u00f6r att administrera T\u00e4vlingen och kommunikation:<\/strong> Uppgifter f\u00f6r administrera T\u00e4vlingen sparas i upp till 30 dagar efter att vinnaren har meddelats. Uppgifter i ett kundtj\u00e4nst\u00e4rende sparas s\u00e5 l\u00e4nge det \u00e4r n\u00f6dv\u00e4ndigt f\u00f6r att hantera ditt \u00e4rende .<\/p>\n<p><strong>Uppgifter som f\u00f6rekommer i samtalsinspelningar.<\/strong> Vi sparar samtalsinspelningar i upp till <strong>3 m\u00e5nader<\/strong> fr\u00e5n inspelningstillf\u00e4llet.<\/p>\n<p><strong>\u00d6vrigt.<\/strong> Dina personuppgifter gallras eller anonymiseras n\u00e4r de inte l\u00e4ngre \u00e4r relevanta f\u00f6r de \u00e4ndam\u00e5l som de har samlats in f\u00f6r. Vid analys av kundinsikt, trender m.m. anv\u00e4nder vi i st\u00f6rsta m\u00f6jliga utstr\u00e4ckning anonym data som inte kan knytas till en individ. Dina personuppgifter kan komma att sparas under l\u00e4ngre tid \u00e4n vad som angetts ovan i de fall vi \u00e4r skyldiga att g\u00f6ra det enligt lag, f\u00f6rordning eller myndighetsbeslut eller f\u00f6r att beh\u00e5lla uppgifter som m\u00e5ste beh\u00e5llas i syfte att l\u00f6sa en tvist eller om du har samtyckt till det.<\/p>\n<h2>\u00c4ndringar i denna personuppgiftspolicy<\/h2>\n<p>Vi kommer att uppdatera v\u00e5r personuppgiftspolicy n\u00e4r det beh\u00f6vs f\u00f6r att \u00e5terspegla \u00e4ndringar i v\u00e5ra tj\u00e4nster eller om vi bed\u00f6mer att vi kan f\u00f6rtydliga och f\u00f6rb\u00e4ttra informationen. N\u00e4r en policy uppdateras \u00e4ndras datumet f\u00f6r senaste uppdatering l\u00e4ngst ned i policyn. Om det sker st\u00f6rre \u00e4ndringar i policyn eller i hur vi anv\u00e4nder dina personuppgifter meddelas du via anslag p\u00e5 webbsidan eller e-postmeddelande innan \u00e4ndringarna tr\u00e4der i kraft om det kr\u00e4vs enligt lag. L\u00e4s g\u00e4rna denna personuppgiftspolicy d\u00e5 och d\u00e5 s\u00e5 h\u00e5ller du dig informerad om hur vi p\u00e5 Bonnier News behandlar dina personuppgifter.<\/p>\n<p>Policyn uppdaterades senast den: 10 dec 2021<\/p>\n<p>[\/et_pb_text][\/et_pb_column][\/et_pb_row][\/et_pb_section]<\/p>\n","protected":false},"excerpt":{"rendered":"<p>Personuppgiftspolicy &#8211; T\u00e4vlingIntroduktion och sammanfattning Till vem riktar sig denna personuppgiftspolicy? Denna t\u00e4vling (\u201cT\u00e4vlingen\u201d) arrangeras av Brand Studio (som \u00e4r en del av Bonnier News AB) i samarbete med aktuell samarbetspartner p\u00e5 sajten (\u201cT\u00e4vlingssidan\u201d). Bonnier News AB \u00e4r ensamt personuppgiftsansvarig f\u00f6r behandlingen av dina personuppgifter med anledning av ditt bes\u00f6k p\u00e5 T\u00e4vlingssidan och ditt eventuella [&hellip;]<\/p>\n","protected":false},"author":1,"featured_media":0,"parent":0,"menu_order":0,"comment_status":"closed","ping_status":"closed","template":"","meta":{"_et_pb_use_builder":"on","_et_pb_old_content":"","_et_gb_content_width":"","footnotes":""},"class_list":["post-2712","page","type-page","status-publish","hentry"],"_links":{"self":[{"href":"https:\/\/www.commercialnews.se\/disney\/wp-json\/wp\/v2\/pages\/2712","targetHints":{"allow":["GET"]}}],"collection":[{"href":"https:\/\/www.commercialnews.se\/disney\/wp-json\/wp\/v2\/pages"}],"about":[{"href":"https:\/\/www.commercialnews.se\/disney\/wp-json\/wp\/v2\/types\/page"}],"author":[{"embeddable":true,"href":"https:\/\/www.commercialnews.se\/disney\/wp-json\/wp\/v2\/users\/1"}],"replies":[{"embeddable":true,"href":"https:\/\/www.commercialnews.se\/disney\/wp-json\/wp\/v2\/comments?post=2712"}],"version-history":[{"count":8,"href":"https:\/\/www.commercialnews.se\/disney\/wp-json\/wp\/v2\/pages\/2712\/revisions"}],"predecessor-version":[{"id":3353,"href":"https:\/\/www.commercialnews.se\/disney\/wp-json\/wp\/v2\/pages\/2712\/revisions\/3353"}],"wp:attachment":[{"href":"https:\/\/www.commercialnews.se\/disney\/wp-json\/wp\/v2\/media?parent=2712"}],"curies":[{"name":"wp","href":"https:\/\/api.w.org\/{rel}","templated":true}]}}