{"id":3449,"date":"2025-10-20T13:46:37","date_gmt":"2025-10-20T11:46:37","guid":{"rendered":"https:\/\/www.commercialnews.se\/disney\/?page_id=3449"},"modified":"2025-11-07T13:56:16","modified_gmt":"2025-11-07T12:56:16","slug":"zootropolis-2","status":"publish","type":"page","link":"https:\/\/www.commercialnews.se\/disney\/","title":{"rendered":"T\u00e4vla med Zootropolis 2"},"content":{"rendered":"<p>[et_pb_section fb_built=&#8221;1&#8243; admin_label=&#8221;HERO&#8221; _builder_version=&#8221;4.27.4&#8243; _module_preset=&#8221;default&#8221; background_color=&#8221;RGBA(255,255,255,0)&#8221; use_background_color_gradient=&#8221;on&#8221; background_color_gradient_stops=&#8221;rgba(255,255,255,0) 0%|rgba(0,0,0,0.66) 100%&#8221; background_image=&#8221;https:\/\/www.commercialnews.se\/disney\/wp-content\/uploads\/2025\/10\/zootropolis-1.jpg&#8221; background_position=&#8221;bottom_center&#8221; background_blend=&#8221;darken&#8221; background_enable_video_mp4=&#8221;off&#8221; height=&#8221;98vh&#8221; height_tablet=&#8221;710px&#8221; height_phone=&#8221;519px&#8221; height_last_edited=&#8221;on|phone&#8221; custom_margin=&#8221;20px||||false|false&#8221; background_last_edited=&#8221;off|desktop&#8221; use_background_color_gradient_phone=&#8221;on&#8221; background_color_gradient_stops_phone=&#8221;rgba(255,255,255,0) 0%|rgba(0,0,0,0.4) 100%&#8221; background_image_tablet=&#8221;https:\/\/www.commercialnews.se\/disney\/wp-content\/uploads\/2025\/05\/elio-2.jpg&#8221; background_image_phone=&#8221;https:\/\/www.commercialnews.se\/disney\/wp-content\/uploads\/2025\/05\/elio-2.jpg&#8221; background_enable_image_tablet=&#8221;on&#8221; background_enable_image_phone=&#8221;on&#8221; background_position_phone=&#8221;top_center&#8221; global_colors_info=&#8221;{}&#8221;][et_pb_row _builder_version=&#8221;4.27.4&#8243; _module_preset=&#8221;default&#8221; positioning=&#8221;absolute&#8221; position_origin_a=&#8221;bottom_center&#8221; vertical_offset=&#8221;55px&#8221; z_index=&#8221;10&#8243; vertical_offset_tablet=&#8221;55px&#8221; vertical_offset_phone=&#8221;30px&#8221; vertical_offset_last_edited=&#8221;on|desktop&#8221; width_tablet=&#8221;80%&#8221; width_phone=&#8221;92%&#8221; width_last_edited=&#8221;on|phone&#8221; max_width=&#8221;800px&#8221; custom_padding=&#8221;||0px|||&#8221; animation_direction=&#8221;bottom&#8221; global_colors_info=&#8221;{}&#8221;][et_pb_column type=&#8221;4_4&#8243; _builder_version=&#8221;4.16&#8243; _module_preset=&#8221;default&#8221; global_colors_info=&#8221;{}&#8221;][et_pb_text _builder_version=&#8221;4.27.4&#8243; _module_preset=&#8221;default&#8221; header_font=&#8221;||||||||&#8221; header_text_align=&#8221;center&#8221; header_text_color=&#8221;#FFFFFF&#8221; header_font_size=&#8221;58px&#8221; header_font_size_tablet=&#8221;48px&#8221; header_font_size_phone=&#8221;30px&#8221; header_font_size_last_edited=&#8221;on|phone&#8221; header_text_shadow_style=&#8221;preset3&#8243; global_colors_info=&#8221;{}&#8221;]<\/p>\n<h1>T\u00e4vla f\u00f6r chans att vinna en middag f\u00f6r 2 och biobiljetter till Zootropolis 2<\/h1>\n<p>[\/et_pb_text][et_pb_button button_url=&#8221;#tavling&#8221; button_text=&#8221;Till t\u00e4vlingen&#8221; button_alignment=&#8221;center&#8221; _builder_version=&#8221;4.27.4&#8243; _module_preset=&#8221;default&#8221; custom_button=&#8221;on&#8221; button_text_size=&#8221;14px&#8221; button_text_color=&#8221;#141414&#8243; button_bg_color=&#8221;#FFFFFF&#8221; button_border_width=&#8221;0px&#8221; button_border_color=&#8221;RGBA(255,255,255,0)&#8221; button_border_radius=&#8221;22px&#8221; button_font=&#8221;|700||on|||||&#8221; button_icon=&#8221;&#x22;||divi||400&#8243; button_on_hover=&#8221;off&#8221; background_layout=&#8221;dark&#8221; custom_padding=&#8221;10px|48px|10px|35px|true|false&#8221; animation_style=&#8221;bounce&#8221; animation_delay=&#8221;500ms&#8221; button_text_size_tablet=&#8221;17px&#8221; button_text_size_phone=&#8221;16px&#8221; button_text_size_last_edited=&#8221;on|phone&#8221; global_colors_info=&#8221;{}&#8221;][\/et_pb_button][\/et_pb_column][\/et_pb_row][\/et_pb_section][et_pb_section fb_built=&#8221;1&#8243; admin_label=&#8221;TEXT&#8221; module_id=&#8221;intro&#8221; _builder_version=&#8221;4.27.4&#8243; _module_preset=&#8221;default&#8221; background_color=&#8221;#000000&#8243; background_enable_image=&#8221;off&#8221; custom_padding=&#8221;0px||0px||true|false&#8221; background_color_phone=&#8221;#FFFFFF&#8221; background_last_edited=&#8221;on|phone&#8221; background_enable_color_tablet=&#8221;off&#8221; background_enable_color_phone=&#8221;on&#8221; parallax_tablet=&#8221;on&#8221; parallax_phone=&#8221;off&#8221; parallax_method_tablet=&#8221;off&#8221; background_blend_tablet=&#8221;normal&#8221; background_blend_phone=&#8221;lighten&#8221; global_colors_info=&#8221;{}&#8221;][et_pb_row custom_padding_last_edited=&#8221;on|phone&#8221; admin_label=&#8221;Text&#8221; _builder_version=&#8221;4.25.1&#8243; _module_preset=&#8221;default&#8221; background_color=&#8221;#FFFFFF&#8221; background_enable_image=&#8221;off&#8221; width_tablet=&#8221;&#8221; width_phone=&#8221;90%&#8221; width_last_edited=&#8221;on|phone&#8221; max_width=&#8221;900px&#8221; custom_padding=&#8221;50px||50px||true|false&#8221; custom_padding_tablet=&#8221;50px||50px||true|false&#8221; custom_padding_phone=&#8221;30px||30px||true|false&#8221; global_colors_info=&#8221;{}&#8221;][et_pb_column type=&#8221;4_4&#8243; _builder_version=&#8221;4.16&#8243; _module_preset=&#8221;default&#8221; global_colors_info=&#8221;{}&#8221;][et_pb_text _builder_version=&#8221;4.27.4&#8243; _module_preset=&#8221;default&#8221; text_font=&#8221;|700|||||||&#8221; text_text_color=&#8221;#141414&#8243; text_font_size=&#8221;21px&#8221; text_line_height=&#8221;1.3em&#8221; header_text_color=&#8221;#FFFFFF&#8221; header_2_font=&#8221;||||||||&#8221; header_2_text_color=&#8221;#141414&#8243; header_2_line_height=&#8221;1.2em&#8221; width=&#8221;80%&#8221; width_tablet=&#8221;90%&#8221; width_phone=&#8221;100%&#8221; width_last_edited=&#8221;on|phone&#8221; max_width=&#8221;600px&#8221; module_alignment=&#8221;center&#8221; custom_margin=&#8221;||20px||false|false&#8221; text_font_size_tablet=&#8221;20px&#8221; text_font_size_phone=&#8221;20px&#8221; text_font_size_last_edited=&#8221;on|phone&#8221; global_colors_info=&#8221;{}&#8221;]<\/p>\n<p>Svara p\u00e5 tre snabba fr\u00e5gor och vinn middag f\u00f6r tv\u00e5 p\u00e5 restaurang i Stockholm och chansen att f\u00e5 biobiljetter till visningen av &#8221;Zootropolis 2&#8221;.<\/p>\n<p>[\/et_pb_text][et_pb_text _builder_version=&#8221;4.27.4&#8243; _module_preset=&#8221;default&#8221; text_font=&#8221;Arial||||||||&#8221; text_text_color=&#8221;#141414&#8243; text_font_size=&#8221;18px&#8221; text_line_height=&#8221;1.5em&#8221; header_text_color=&#8221;#FFFFFF&#8221; header_2_font=&#8221;Playfair Display||||||||&#8221; header_2_text_color=&#8221;#000000&#8243; header_2_line_height=&#8221;1.2em&#8221; width=&#8221;80%&#8221; width_tablet=&#8221;90%&#8221; width_phone=&#8221;100%&#8221; width_last_edited=&#8221;on|phone&#8221; max_width=&#8221;600px&#8221; module_alignment=&#8221;center&#8221; global_colors_info=&#8221;{}&#8221;]<\/p>\n<p>Detektiverna Judy Hopps och Nick Wilde befinner sig p\u00e5 det snirkliga sp\u00e5ret av en mystisk reptil som anl\u00e4nder till Zootopia och v\u00e4nder upp och ner p\u00e5 d\u00e4ggdjursmetropolen.<\/p>\n<p>F\u00f6r att l\u00f6sa fallet m\u00e5ste Judy och Nick g\u00e5 undercover till ov\u00e4ntade nya delar av staden d\u00e4r deras v\u00e4xande partnerskap testas som aldrig f\u00f6rr.<\/p>\n<p>[\/et_pb_text][et_pb_code _builder_version=&#8221;4.27.4&#8243; _module_preset=&#8221;default&#8221; width=&#8221;80%&#8221; width_tablet=&#8221;90%&#8221; width_phone=&#8221;100%&#8221; width_last_edited=&#8221;on|phone&#8221; max_width=&#8221;600px&#8221; module_alignment=&#8221;center&#8221; custom_margin=&#8221;25px||25px||true|false&#8221; custom_padding=&#8221;0px||0px||true|false&#8221; border_radii=&#8221;on|8px|8px|8px|8px&#8221; global_colors_info=&#8221;{}&#8221;]<\/p>\n<div style=\"position: relative; padding-bottom: 56.25%; padding-top: 0; height: 0; overflow: hidden;\"><iframe src=\"https:\/\/player.vimeo.com\/video\/1128767790?h=deaa10b400&#038;badge=0&#038;autopause=0&#038;player_id=0&#038;app_id=58479\" frameborder=\"0\" allow=\"autoplay; fullscreen; picture-in-picture; clipboard-write; encrypted-media; web-share\" referrerpolicy=\"strict-origin-when-cross-origin\" style=\"position:absolute;top:0;left:0;width:100%;height:100%;\" title=\"ANNONS: Disney \u2013 Zootropolis 2 trailer\"><\/iframe><\/div>\n<p><script src=\"https:\/\/player.vimeo.com\/api\/player.js\"><\/script>[\/et_pb_code][et_pb_text _builder_version=&#8221;4.27.4&#8243; _module_preset=&#8221;default&#8221; text_font=&#8221;||||||||&#8221; text_text_color=&#8221;#141414&#8243; text_font_size=&#8221;18px&#8221; text_line_height=&#8221;1.5em&#8221; header_text_color=&#8221;#000000&#8243; header_2_font=&#8221;||||||||&#8221; header_2_text_color=&#8221;#141414&#8243; width=&#8221;80%&#8221; width_tablet=&#8221;90%&#8221; width_phone=&#8221;100%&#8221; width_last_edited=&#8221;on|phone&#8221; max_width=&#8221;600px&#8221; module_alignment=&#8221;center&#8221; custom_margin=&#8221;||0px||false|false&#8221; custom_padding=&#8221;||0px||false|false&#8221; hover_enabled=&#8221;0&#8243; header_2_font_size_phone=&#8221;25px&#8221; header_2_font_size_last_edited=&#8221;off|desktop&#8221; global_colors_info=&#8221;{}&#8221; sticky_enabled=&#8221;0&#8243;]<\/p>\n<h2>Priserna du kan vinna:<\/h2>\n<ul>\n<li><strong>1:a pris:<\/strong> En middag f\u00f6r tv\u00e5 p\u00e5 restaurang i Stockholm samt 2 stycken biobiljetter till &#8221;Zootropolis 2&#8221;.<\/li>\n<li><strong>Resterande priser:<\/strong> Alla t\u00e4vlingsdeltagare har en chans att f\u00e5 biljetter om de \u00e4r med och t\u00e4vlar, oavsett om de svarat r\u00e4tt eller fel. Det \u00e4r f\u00f6rst till kvarn som g\u00e4ller. Max 4 st biljetter per familj. Man f\u00e5r biljett genom att mejla in sin adress till <a href=\"mailto:tavling.brandstudio@bonniernews.se\">tavling.brandstudio@bonniernews.se<\/a> mellan 10 november och 18 november. Biljetter postas sen ut. <em><strong>Biovisningen \u00e4r den 26 november klockan 17.00 p\u00e5 Filmstaden Sergel, i Stockholm.<\/strong><\/em><\/li>\n<\/ul>\n<p>[\/et_pb_text][et_pb_toggle title=&#8221;T\u00e4vlingsvillkor&#8221; icon_color=&#8221;#000000&#8243; toggle_icon=&#8221;&#xe04c;||divi||400&#8243; use_icon_font_size=&#8221;on&#8221; icon_font_size=&#8221;20px&#8221; open_icon_color=&#8221;#000000&#8243; open_toggle_icon=&#8221;&#xe04b;||divi||400&#8243; open_use_icon_font_size=&#8221;on&#8221; open_icon_font_size=&#8221;20px&#8221; module_id=&#8221;tavlingsvillkor&#8221; module_class=&#8221;nop&#8221; _builder_version=&#8221;4.27.4&#8243; _module_preset=&#8221;default&#8221; title_text_color=&#8221;#141414&#8243; title_level=&#8221;h2&#8243; title_font=&#8221;|700|||||||&#8221; title_font_size=&#8221;18px&#8221; body_text_color=&#8221;#141414&#8243; body_font_size=&#8221;16px&#8221; body_line_height=&#8221;1.4em&#8221; background_color=&#8221;#FFFFFF&#8221; width=&#8221;90%&#8221; width_tablet=&#8221;90%&#8221; width_phone=&#8221;90%&#8221; width_last_edited=&#8221;on|phone&#8221; max_width=&#8221;600px&#8221; module_alignment=&#8221;center&#8221; border_radii=&#8221;on|2px|2px|2px|2px&#8221; border_color_all=&#8221;#ebebeb&#8221; global_colors_info=&#8221;{}&#8221;]<\/p>\n<p>T\u00e4vlingen \u00e4r \u00f6ppen f\u00f6r personer 18 \u00e5r eller \u00e4ldre som \u00e4r bosatta i Sverige. T\u00e4vlingen p\u00e5g\u00e5r till och med 25 november 2025. Vinnarna utses av en jury best\u00e5ende av representanter fr\u00e5n Bonnier News AB och meddelas via e-post, juryns beslut g\u00e5r inte att \u00f6verklaga. Det \u00e5ligger vinnare att omedelbart \u00e5terkomma efter det att eventuell vinst meddelats via e-post. Om s\u00e5 inte sker kan priset komma att tillfalla annan t\u00e4vlande. Prisernas v\u00e4rde \u00e4r cirka 1200 kronor (1:a priset) och cirka 150-600 kronor (resterande priser). T\u00e4vlingspriser kan inte bytas ut mot kontanter eller produkter till ett likv\u00e4rdigt v\u00e4rde. Vinsten \u00e4r personlig och kan inte \u00f6verl\u00e5tas. I den utstr\u00e4ckning som till\u00e5ts enligt till\u00e4mplig lag friskriver sig Bonnier News AB fr\u00e5n ansvar f\u00f6r fel i t\u00e4vlingspriserna. Bonnier News AB f\u00f6rbeh\u00e5ller sig r\u00e4tten att justera regler och villkor f\u00f6r t\u00e4vlingarna om det \u00e4r n\u00f6dv\u00e4ndigt. Anst\u00e4llda p\u00e5 Bonnier News AB och Disney kan inte delta. Eventuell vinstskatt betalas av vinnaren.<br \/>Kontakta oss p\u00e5 <a href=\"mailto:tavling.brandstudio@bonniernews.se\" target=\"_blank\" rel=\"noopener\">tavling.brandstudio@bonniernews.se<\/a> f\u00f6r eventuella fr\u00e5gor om t\u00e4vlingen.<\/p>\n<p>[\/et_pb_toggle][\/et_pb_column][\/et_pb_row][\/et_pb_section][et_pb_section fb_built=&#8221;1&#8243; _builder_version=&#8221;4.27.4&#8243; _module_preset=&#8221;default&#8221; custom_padding=&#8221;0px||0px||true|false&#8221; global_colors_info=&#8221;{}&#8221;][et_pb_row _builder_version=&#8221;4.27.4&#8243; _module_preset=&#8221;default&#8221; width=&#8221;100%&#8221; max_width=&#8221;100%&#8221; custom_padding=&#8221;0px||0px||true|false&#8221; global_colors_info=&#8221;{}&#8221;][et_pb_column type=&#8221;4_4&#8243; _builder_version=&#8221;4.27.4&#8243; _module_preset=&#8221;default&#8221; global_colors_info=&#8221;{}&#8221;][et_pb_code module_id=&#8221;tavling&#8221; _builder_version=&#8221;4.27.4&#8243; _module_preset=&#8221;default&#8221; global_colors_info=&#8221;{}&#8221;]<script id=\"embed-script-v1\" type=\"application\/javascript\" height=\"100%\" expander=\"true\" src=\"https:\/\/play.flarie.com\/embed.js\" embed-url=\"https:\/\/game.flarie.com\/games\/quiz\/125a1b0d-2fd1-495d-bb52-1c2671bfe40d\"> <\/script>[\/et_pb_code][\/et_pb_column][\/et_pb_row][\/et_pb_section][et_pb_section fb_built=&#8221;1&#8243; _builder_version=&#8221;4.27.4&#8243; _module_preset=&#8221;default&#8221; background_color=&#8221;#000000&#8243; custom_padding=&#8221;20px||30px||false|false&#8221; border_width_bottom=&#8221;1px&#8221; border_color_bottom=&#8221;#3a3a3a&#8221; global_colors_info=&#8221;{}&#8221;][et_pb_row _builder_version=&#8221;4.27.4&#8243; _module_preset=&#8221;default&#8221; background_enable_color=&#8221;off&#8221; width_tablet=&#8221;80%&#8221; width_phone=&#8221;90%&#8221; width_last_edited=&#8221;on|phone&#8221; max_width=&#8221;600px&#8221; module_alignment=&#8221;center&#8221; custom_padding=&#8221;0px||0px||true|false&#8221; animation_style=&#8221;fade&#8221; global_colors_info=&#8221;{}&#8221;][et_pb_column type=&#8221;4_4&#8243; _builder_version=&#8221;4.21.0&#8243; _module_preset=&#8221;default&#8221; global_colors_info=&#8221;{}&#8221;][et_pb_text _builder_version=&#8221;4.27.4&#8243; _module_preset=&#8221;default&#8221; text_text_color=&#8221;#FFFFFF&#8221; text_font_size=&#8221;12px&#8221; text_line_height=&#8221;1.3em&#8221; custom_margin=&#8221;0px||||false|false&#8221; custom_padding=&#8221;0px||||false|false&#8221; global_colors_info=&#8221;{}&#8221;]<\/p>\n<p>T\u00e4vlingen arrangeras av Bonnier News Brand Studio, en del av Bonnier News AB, i samarbete med Disney. Genom att fylla i formul\u00e4ret och svara p\u00e5 t\u00e4vlingsfr\u00e5gorna och d\u00e4rigenom anm\u00e4ler dig till t\u00e4vlingen bekr\u00e4ftar du att du godk\u00e4nner <a href=\"#tavlingsvillkor\">T\u00e4vlingsvillkoren<\/a> samt att du har tagit del av Bonnier News AB\u2019s <a href=\"https:\/\/www.commercialnews.se\/disney\/personuppgiftspolicy\/\" target=\"_blank\" rel=\"noopener\">Personuppgiftspolicy<\/a>. Bonnier News AB \u00e4r personuppgiftsansvarig f\u00f6r de uppgifter du l\u00e4mnar n\u00e4r du anm\u00e4ler dig till t\u00e4vlingen.<\/p>\n<p>[\/et_pb_text][\/et_pb_column][\/et_pb_row][\/et_pb_section]<\/p>\n","protected":false},"excerpt":{"rendered":"<p>Svara p\u00e5 tre snabba fr\u00e5gor och vinn middag f\u00f6r tv\u00e5 p\u00e5 restaurang i Stockholm och chansen att f\u00e5 biobiljetter till visningen av \u201dZootropolis 2\u201d.<\/p>\n","protected":false},"author":1,"featured_media":3459,"parent":0,"menu_order":0,"comment_status":"closed","ping_status":"closed","template":"","meta":{"_et_pb_use_builder":"on","_et_pb_old_content":"","_et_gb_content_width":"","footnotes":""},"class_list":["post-3449","page","type-page","status-publish","has-post-thumbnail","hentry"],"_links":{"self":[{"href":"https:\/\/www.commercialnews.se\/disney\/wp-json\/wp\/v2\/pages\/3449","targetHints":{"allow":["GET"]}}],"collection":[{"href":"https:\/\/www.commercialnews.se\/disney\/wp-json\/wp\/v2\/pages"}],"about":[{"href":"https:\/\/www.commercialnews.se\/disney\/wp-json\/wp\/v2\/types\/page"}],"author":[{"embeddable":true,"href":"https:\/\/www.commercialnews.se\/disney\/wp-json\/wp\/v2\/users\/1"}],"replies":[{"embeddable":true,"href":"https:\/\/www.commercialnews.se\/disney\/wp-json\/wp\/v2\/comments?post=3449"}],"version-history":[{"count":36,"href":"https:\/\/www.commercialnews.se\/disney\/wp-json\/wp\/v2\/pages\/3449\/revisions"}],"predecessor-version":[{"id":3488,"href":"https:\/\/www.commercialnews.se\/disney\/wp-json\/wp\/v2\/pages\/3449\/revisions\/3488"}],"wp:featuredmedia":[{"embeddable":true,"href":"https:\/\/www.commercialnews.se\/disney\/wp-json\/wp\/v2\/media\/3459"}],"wp:attachment":[{"href":"https:\/\/www.commercialnews.se\/disney\/wp-json\/wp\/v2\/media?parent=3449"}],"curies":[{"name":"wp","href":"https:\/\/api.w.org\/{rel}","templated":true}]}}