{"id":53,"date":"2024-06-24T16:02:46","date_gmt":"2024-06-24T14:02:46","guid":{"rendered":"https:\/\/www.commercialnews.se\/hjart-lungfonden\/?page_id=53"},"modified":"2024-07-12T15:16:46","modified_gmt":"2024-07-12T13:16:46","slug":"hogt-blodtryck-behover-inte-vara-farligt-med-battre-mediciner","status":"publish","type":"page","link":"https:\/\/www.commercialnews.se\/hjart-lungfonden\/hogt-blodtryck-behover-inte-vara-farligt-med-battre-mediciner\/","title":{"rendered":"H\u00f6gt blodtryck beh\u00f6ver inte vara farligt \u2013 med b\u00e4ttre mediciner"},"content":{"rendered":"<p>[et_pb_section fb_built=&#8221;1&#8243; _builder_version=&#8221;4.25.1&#8243; _module_preset=&#8221;default&#8221; global_colors_info=&#8221;{}&#8221;][et_pb_row _builder_version=&#8221;4.25.1&#8243; _module_preset=&#8221;default&#8221; width_tablet=&#8221;80%&#8221; width_phone=&#8221;90%&#8221; width_last_edited=&#8221;on|phone&#8221; max_width=&#8221;640px&#8221; custom_padding=&#8221;||0px||false|false&#8221; global_colors_info=&#8221;{}&#8221;][et_pb_column type=&#8221;4_4&#8243; _builder_version=&#8221;4.25.1&#8243; _module_preset=&#8221;default&#8221; global_colors_info=&#8221;{}&#8221;][et_pb_text _builder_version=&#8221;4.25.1&#8243; _module_preset=&#8221;default&#8221; text_text_color=&#8221;#141414&#8243; text_font_size=&#8221;18px&#8221; text_line_height=&#8221;1.4em&#8221; header_font=&#8221;|700|||||||&#8221; header_text_color=&#8221;#141414&#8243; header_font_size=&#8221;39px&#8221; header_letter_spacing=&#8221;-1px&#8221; header_font_size_tablet=&#8221;37px&#8221; header_font_size_phone=&#8221;32px&#8221; header_font_size_last_edited=&#8221;on|phone&#8221; global_colors_info=&#8221;{}&#8221;]<\/p>\n<h1>Vi skulle kunna f\u00e5 fram b\u00e4ttre behandlingar mot h\u00f6gt blodtryck.<\/h1>\n<p>Den som har h\u00f6gt blodtryck ska inte beh\u00f6va drabbas av hj\u00e4rtinfarkt eller stroke. D\u00e4rf\u00f6r m\u00e5ste vi utveckla nya l\u00e4kemedel och Hj\u00e4rt-Lungfonden \u00e4r helt avg\u00f6rande f\u00f6r att detta ska ske.<\/p>\n<p><strong>Visa g\u00e4rna att du st\u00f6djer forskningen. Ge en g\u00e5va idag.<\/strong><\/p>\n<p>[\/et_pb_text][\/et_pb_column][\/et_pb_row][et_pb_row _builder_version=&#8221;4.25.1&#8243; _module_preset=&#8221;default&#8221; width_tablet=&#8221;&#8221; width_phone=&#8221;92%&#8221; width_last_edited=&#8221;on|phone&#8221; max_width=&#8221;980px&#8221; global_colors_info=&#8221;{}&#8221; global_module=&#8221;94&#8243; theme_builder_area=&#8221;post_content&#8221;][et_pb_column type=&#8221;4_4&#8243; _builder_version=&#8221;4.25.1&#8243; _module_preset=&#8221;default&#8221; global_colors_info=&#8221;{}&#8221; theme_builder_area=&#8221;post_content&#8221;][et_pb_code disabled_on=&#8221;on|off|off&#8221; admin_label=&#8221;Dator&#8221; module_id=&#8221;code-block-ad-slot-module-1&#8243; module_class=&#8221;de-breakpoint-desktop&#8221; _builder_version=&#8221;4.26.0&#8243; _module_preset=&#8221;default&#8221; background_image=&#8221;https:\/\/www.commercialnews.se\/hjart-lungfonden\/wp-content\/uploads\/2024\/07\/640_ny.png&#8221; background_size=&#8221;contain&#8221; text_orientation=&#8221;center&#8221; width=&#8221;100%&#8221; max_width=&#8221;980px&#8221; max_width_tablet=&#8221;100%&#8221; max_width_phone=&#8221;980px&#8221; max_width_last_edited=&#8221;on|phone&#8221; module_alignment=&#8221;center&#8221; height=&#8221;320px&#8221; global_colors_info=&#8221;{}&#8221; theme_builder_area=&#8221;post_content&#8221;]<\/p>\n<div class=\"ad-container\">\n<div data-slot-name=\"module\" data-slot-name-number=\"5\" class=\"bam-ad-slot\"><\/div>\n<\/div>\n<p><!-- [et_pb_line_break_holder] --><script><!-- [et_pb_line_break_holder] -->setTimeout(() => {<!-- [et_pb_line_break_holder] -->  if(hasAdBlocker || !hasAcceptedGAMCookies){<!-- [et_pb_line_break_holder] -->  document.getElementById('code-block-ad-slot-module-1').style.cursor = \"pointer\";<!-- [et_pb_line_break_holder] -->  document.getElementById('code-block-ad-slot-module-1').addEventListener('click', function() {<!-- [et_pb_line_break_holder] -->    location.href = 'https:\/\/www.hjart-lungfonden.se\/det-galler-oss-alla\/forskning-ar-losningen\/'<!-- [et_pb_line_break_holder] -->\t}, false);<!-- [et_pb_line_break_holder] -->}},1000);<!-- [et_pb_line_break_holder] --><\/script>[\/et_pb_code][et_pb_code disabled_on=&#8221;off|off|on&#8221; admin_label=&#8221;Mobil&#8221; module_id=&#8221;code-block-ad-slot-mobile-1&#8243; module_class=&#8221;de-breakpoint-mobile&#8221; _builder_version=&#8221;4.26.0&#8243; _module_preset=&#8221;default&#8221; background_image=&#8221;https:\/\/www.commercialnews.se\/hjart-lungfonden\/wp-content\/uploads\/2024\/07\/320_c.png&#8221; background_size=&#8221;contain&#8221; max_width=&#8221;320px&#8221; module_alignment=&#8221;center&#8221; height=&#8221;320px&#8221; global_colors_info=&#8221;{}&#8221; theme_builder_area=&#8221;post_content&#8221;]<\/p>\n<div class=\"ad-container\">\n<div data-slot-name=\"mob\" data-slot-name-number=\"7\" class=\"bam-ad-slot\"><\/div>\n<\/div>\n<p><!-- [et_pb_line_break_holder] --><script><!-- [et_pb_line_break_holder] -->setTimeout(() => {<!-- [et_pb_line_break_holder] -->  if(hasAdBlocker || !hasAcceptedGAMCookies){<!-- [et_pb_line_break_holder] -->  document.getElementById('code-block-ad-slot-mobile-1').style.cursor = \"pointer\";<!-- [et_pb_line_break_holder] -->  document.getElementById('code-block-ad-slot-mobile-1').addEventListener('click', function() {<!-- [et_pb_line_break_holder] -->    location.href = 'https:\/\/www.hjart-lungfonden.se\/det-galler-oss-alla\/forskning-ar-losningen\/'<!-- [et_pb_line_break_holder] -->\t}, false);<!-- [et_pb_line_break_holder] -->}},1000);<!-- [et_pb_line_break_holder] --><\/script>[\/et_pb_code][et_pb_code admin_label=&#8221;Responsive&#8221; _builder_version=&#8221;4.25.1&#8243; _module_preset=&#8221;default&#8221; global_colors_info=&#8221;{}&#8221; theme_builder_area=&#8221;post_content&#8221;]<\/p>\n<style><!-- [et_pb_line_break_holder] -->\/*** Responsive Styles Extra Large Desktop And Above ***\/<!-- [et_pb_line_break_holder] -->@media all and (min-width: 1405px) {<!-- [et_pb_line_break_holder] -->  .de-breakpoint-tablet{<!-- [et_pb_line_break_holder] -->\t\tdisplay:none !important;<!-- [et_pb_line_break_holder] -->\t}<!-- [et_pb_line_break_holder] -->}<!-- [et_pb_line_break_holder] --><!-- [et_pb_line_break_holder] -->\/*** Responsive Styles Standard Desktop Only ***\/<!-- [et_pb_line_break_holder] -->@media all and (min-width: 1239px) and (max-width: 1405px) {<!-- [et_pb_line_break_holder] -->  .de-breakpoint-tablet{<!-- [et_pb_line_break_holder] -->\t\tdisplay:none !important;<!-- [et_pb_line_break_holder] -->\t}<!-- [et_pb_line_break_holder] -->\t.de-breakpoint-desktop{<!-- [et_pb_line_break_holder] -->\t\tdisplay:block !important;<!-- [et_pb_line_break_holder] -->\t}<!-- [et_pb_line_break_holder] -->}<!-- [et_pb_line_break_holder] --><!-- [et_pb_line_break_holder] -->\/*** Responsive Styles Tablet And Below ***\/<!-- [et_pb_line_break_holder] -->@media all and (max-width: 980px) {<!-- [et_pb_line_break_holder] --><!-- [et_pb_line_break_holder] -->}<!-- [et_pb_line_break_holder] --><!-- [et_pb_line_break_holder] -->\/*** Responsive Styles Tablet Only ***\/<!-- [et_pb_line_break_holder] -->@media all and (min-width: 769px) and (max-width: 1238px) {<!-- [et_pb_line_break_holder] -->\t.de-breakpoint-tablet{<!-- [et_pb_line_break_holder] -->\t\tdisplay:none !important;<!-- [et_pb_line_break_holder] -->\t}<!-- [et_pb_line_break_holder] -->\t.de-breakpoint-desktop{<!-- [et_pb_line_break_holder] -->\t\tdisplay:block !important;<!-- [et_pb_line_break_holder] -->\t}<!-- [et_pb_line_break_holder] -->  .de-breakpoint-mobile{<!-- [et_pb_line_break_holder] -->\t\tdisplay:none !important;<!-- [et_pb_line_break_holder] -->\t}<!-- [et_pb_line_break_holder] -->}<!-- [et_pb_line_break_holder] --><!-- [et_pb_line_break_holder] -->\/*** Responsive Styles Smartphone Only ***\/<!-- [et_pb_line_break_holder] -->@media all and (max-width: 768px) {<!-- [et_pb_line_break_holder] -->  .de-breakpoint-desktop{<!-- [et_pb_line_break_holder] -->\t\tdisplay:none !important;<!-- [et_pb_line_break_holder] -->\t}<!-- [et_pb_line_break_holder] -->  .de-breakpoint-tablet{<!-- [et_pb_line_break_holder] -->\t\tdisplay:none !important;<!-- [et_pb_line_break_holder] -->\t}<!-- [et_pb_line_break_holder] -->  .de-breakpoint-mobile{<!-- [et_pb_line_break_holder] -->\t\tdisplay:block !important;<!-- [et_pb_line_break_holder] -->\t}<!-- [et_pb_line_break_holder] -->}<!-- [et_pb_line_break_holder] --><!-- [et_pb_line_break_holder] -->\/*** Responsive Styles Smartphone Portrait ***\/<!-- [et_pb_line_break_holder] -->@media all and (max-width: 479px) {<!-- [et_pb_line_break_holder] -->}<!-- [et_pb_line_break_holder] --><\/style>\n<p>[\/et_pb_code][\/et_pb_column][\/et_pb_row][\/et_pb_section]<\/p>\n","protected":false},"excerpt":{"rendered":"<p>Vi skulle kunna f\u00e5 fram b\u00e4ttre behandlingar mot h\u00f6gt blodtryck. Den som har h\u00f6gt blodtryck ska inte beh\u00f6va drabbas av hj\u00e4rtinfarkt eller stroke. D\u00e4rf\u00f6r m\u00e5ste vi utveckla nya l\u00e4kemedel och Hj\u00e4rt-Lungfonden \u00e4r helt avg\u00f6rande f\u00f6r att detta ska ske. Visa g\u00e4rna att du st\u00f6djer forskningen. Ge en g\u00e5va idag.<\/p>\n","protected":false},"author":1,"featured_media":0,"parent":0,"menu_order":0,"comment_status":"closed","ping_status":"closed","template":"","meta":{"_et_pb_use_builder":"on","_et_pb_old_content":"","_et_gb_content_width":"","footnotes":""},"class_list":["post-53","page","type-page","status-publish","hentry"],"_links":{"self":[{"href":"https:\/\/www.commercialnews.se\/hjart-lungfonden\/wp-json\/wp\/v2\/pages\/53","targetHints":{"allow":["GET"]}}],"collection":[{"href":"https:\/\/www.commercialnews.se\/hjart-lungfonden\/wp-json\/wp\/v2\/pages"}],"about":[{"href":"https:\/\/www.commercialnews.se\/hjart-lungfonden\/wp-json\/wp\/v2\/types\/page"}],"author":[{"embeddable":true,"href":"https:\/\/www.commercialnews.se\/hjart-lungfonden\/wp-json\/wp\/v2\/users\/1"}],"replies":[{"embeddable":true,"href":"https:\/\/www.commercialnews.se\/hjart-lungfonden\/wp-json\/wp\/v2\/comments?post=53"}],"version-history":[{"count":4,"href":"https:\/\/www.commercialnews.se\/hjart-lungfonden\/wp-json\/wp\/v2\/pages\/53\/revisions"}],"predecessor-version":[{"id":102,"href":"https:\/\/www.commercialnews.se\/hjart-lungfonden\/wp-json\/wp\/v2\/pages\/53\/revisions\/102"}],"wp:attachment":[{"href":"https:\/\/www.commercialnews.se\/hjart-lungfonden\/wp-json\/wp\/v2\/media?parent=53"}],"curies":[{"name":"wp","href":"https:\/\/api.w.org\/{rel}","templated":true}]}}